{"id":237664,"date":"2023-12-04T18:01:27","date_gmt":"2023-12-04T18:01:27","guid":{"rendered":"https:\/\/mcwpartnerships.com\/home-landing-page\/"},"modified":"2023-12-06T01:38:04","modified_gmt":"2023-12-06T01:38:04","slug":"home-landing-page","status":"publish","type":"page","link":"https:\/\/mcwpartnerships.com\/vi\/","title":{"rendered":"Home Landing Page"},"content":{"rendered":"","protected":false},"excerpt":{"rendered":"","protected":false},"author":3,"featured_media":0,"parent":0,"menu_order":0,"comment_status":"closed","ping_status":"closed","template":"","meta":{"_et_pb_use_builder":"on","_et_pb_old_content":"","_et_gb_content_width":"","_themeisle_gutenberg_block_has_review":false,"footnotes":""},"class_list":["post-237664","page","type-page","status-publish","hentry"],"yoast_head":"<!-- This site is optimized with the Yoast SEO plugin v27.4 - https:\/\/yoast.com\/product\/yoast-seo-wordpress\/ -->\n<title>Casino MCW: Kh\u00e1m ph\u00e1 th\u1ebf gi\u1edbi c\u1ee7a tr\u00f2 ch\u01a1i gi\u1ea3i tr\u00ed \u0111\u1ec9nh cao<\/title>\n<meta name=\"description\" content=\"Casino MCW nh\u00e0 c\u00e1i v\u1edbi T\u1ef7 l\u1ec7 c\u01b0\u1ee3c s\u1ed1 m\u1ed9t Th\u1ec3 Thao, c\u00e1c tr\u00f2 ch\u01a1i Casino tr\u1ef1c tuy\u1ebfn th\u00fa v\u1ecb v\u00e0 h\u00e0ng ng\u00e0n tr\u00f2 ch\u01a1i slots tr\u1ea3 th\u01b0\u1edfng cao. \u0110\u0103ng k\u00fd \u0111\u1ec3 nh\u1eadn th\u01b0\u1edfng ch\u00e0o m\u1eebng ngay b\u00e2y gi\u1edd!\" \/>\n<meta name=\"robots\" content=\"index, follow, max-snippet:-1, max-image-preview:large, max-video-preview:-1\" \/>\n<link rel=\"canonical\" href=\"https:\/\/mcwpartnerships.com\/vi\/\" \/>\n<meta property=\"og:locale\" content=\"vi_VN\" \/>\n<meta property=\"og:type\" content=\"article\" \/>\n<meta property=\"og:title\" content=\"Casino MCW: Kh\u00e1m ph\u00e1 th\u1ebf gi\u1edbi c\u1ee7a tr\u00f2 ch\u01a1i gi\u1ea3i tr\u00ed \u0111\u1ec9nh cao\" \/>\n<meta property=\"og:description\" content=\"Casino MCW nh\u00e0 c\u00e1i v\u1edbi T\u1ef7 l\u1ec7 c\u01b0\u1ee3c s\u1ed1 m\u1ed9t Th\u1ec3 Thao, c\u00e1c tr\u00f2 ch\u01a1i Casino tr\u1ef1c tuy\u1ebfn th\u00fa v\u1ecb v\u00e0 h\u00e0ng ng\u00e0n tr\u00f2 ch\u01a1i slots tr\u1ea3 th\u01b0\u1edfng cao. \u0110\u0103ng k\u00fd \u0111\u1ec3 nh\u1eadn th\u01b0\u1edfng ch\u00e0o m\u1eebng ngay b\u00e2y gi\u1edd!\" \/>\n<meta property=\"og:url\" content=\"https:\/\/mcwpartnerships.com\/vi\/\" \/>\n<meta property=\"og:site_name\" content=\"MCW777\" \/>\n<meta property=\"article:modified_time\" content=\"2023-12-06T01:38:04+00:00\" \/>\n<meta name=\"twitter:card\" content=\"summary_large_image\" \/>\n<script type=\"application\/ld+json\" class=\"yoast-schema-graph\">{\"@context\":\"https:\\\/\\\/schema.org\",\"@graph\":[{\"@type\":\"WebPage\",\"@id\":\"https:\\\/\\\/mcwpartnerships.com\\\/vi\\\/\",\"url\":\"https:\\\/\\\/mcwpartnerships.com\\\/vi\\\/\",\"name\":\"Casino MCW: Kh\u00e1m ph\u00e1 th\u1ebf gi\u1edbi c\u1ee7a tr\u00f2 ch\u01a1i gi\u1ea3i tr\u00ed \u0111\u1ec9nh cao\",\"isPartOf\":{\"@id\":\"https:\\\/\\\/mcwpartnerships.com\\\/#website\"},\"datePublished\":\"2023-12-04T18:01:27+00:00\",\"dateModified\":\"2023-12-06T01:38:04+00:00\",\"description\":\"Casino MCW nh\u00e0 c\u00e1i v\u1edbi T\u1ef7 l\u1ec7 c\u01b0\u1ee3c s\u1ed1 m\u1ed9t Th\u1ec3 Thao, c\u00e1c tr\u00f2 ch\u01a1i Casino tr\u1ef1c tuy\u1ebfn th\u00fa v\u1ecb v\u00e0 h\u00e0ng ng\u00e0n tr\u00f2 ch\u01a1i slots tr\u1ea3 th\u01b0\u1edfng cao. \u0110\u0103ng k\u00fd \u0111\u1ec3 nh\u1eadn th\u01b0\u1edfng ch\u00e0o m\u1eebng ngay b\u00e2y gi\u1edd!\",\"breadcrumb\":{\"@id\":\"https:\\\/\\\/mcwpartnerships.com\\\/vi\\\/#breadcrumb\"},\"inLanguage\":\"vi-VN\",\"potentialAction\":[{\"@type\":\"ReadAction\",\"target\":[\"https:\\\/\\\/mcwpartnerships.com\\\/vi\\\/\"]}]},{\"@type\":\"BreadcrumbList\",\"@id\":\"https:\\\/\\\/mcwpartnerships.com\\\/vi\\\/#breadcrumb\",\"itemListElement\":[{\"@type\":\"ListItem\",\"position\":1,\"name\":\"Home\",\"item\":\"https:\\\/\\\/mcwpartnerships.com\\\/vi\\\/\"},{\"@type\":\"ListItem\",\"position\":2,\"name\":\"Home Landing Page\"}]},{\"@type\":\"WebSite\",\"@id\":\"https:\\\/\\\/mcwpartnerships.com\\\/#website\",\"url\":\"https:\\\/\\\/mcwpartnerships.com\\\/\",\"name\":\"MCW777\",\"description\":\"\",\"potentialAction\":[{\"@type\":\"SearchAction\",\"target\":{\"@type\":\"EntryPoint\",\"urlTemplate\":\"https:\\\/\\\/mcwpartnerships.com\\\/?s={search_term_string}\"},\"query-input\":{\"@type\":\"PropertyValueSpecification\",\"valueRequired\":true,\"valueName\":\"search_term_string\"}}],\"inLanguage\":\"vi-VN\"}]}<\/script>\n<!-- \/ Yoast SEO plugin. -->","yoast_head_json":{"title":"Casino MCW: Kh\u00e1m ph\u00e1 th\u1ebf gi\u1edbi c\u1ee7a tr\u00f2 ch\u01a1i gi\u1ea3i tr\u00ed \u0111\u1ec9nh cao","description":"Casino MCW nh\u00e0 c\u00e1i v\u1edbi T\u1ef7 l\u1ec7 c\u01b0\u1ee3c s\u1ed1 m\u1ed9t Th\u1ec3 Thao, c\u00e1c tr\u00f2 ch\u01a1i Casino tr\u1ef1c tuy\u1ebfn th\u00fa v\u1ecb v\u00e0 h\u00e0ng ng\u00e0n tr\u00f2 ch\u01a1i slots tr\u1ea3 th\u01b0\u1edfng cao. \u0110\u0103ng k\u00fd \u0111\u1ec3 nh\u1eadn th\u01b0\u1edfng ch\u00e0o m\u1eebng ngay b\u00e2y gi\u1edd!","robots":{"index":"index","follow":"follow","max-snippet":"max-snippet:-1","max-image-preview":"max-image-preview:large","max-video-preview":"max-video-preview:-1"},"canonical":"https:\/\/mcwpartnerships.com\/vi\/","og_locale":"vi_VN","og_type":"article","og_title":"Casino MCW: Kh\u00e1m ph\u00e1 th\u1ebf gi\u1edbi c\u1ee7a tr\u00f2 ch\u01a1i gi\u1ea3i tr\u00ed \u0111\u1ec9nh cao","og_description":"Casino MCW nh\u00e0 c\u00e1i v\u1edbi T\u1ef7 l\u1ec7 c\u01b0\u1ee3c s\u1ed1 m\u1ed9t Th\u1ec3 Thao, c\u00e1c tr\u00f2 ch\u01a1i Casino tr\u1ef1c tuy\u1ebfn th\u00fa v\u1ecb v\u00e0 h\u00e0ng ng\u00e0n tr\u00f2 ch\u01a1i slots tr\u1ea3 th\u01b0\u1edfng cao. \u0110\u0103ng k\u00fd \u0111\u1ec3 nh\u1eadn th\u01b0\u1edfng ch\u00e0o m\u1eebng ngay b\u00e2y gi\u1edd!","og_url":"https:\/\/mcwpartnerships.com\/vi\/","og_site_name":"MCW777","article_modified_time":"2023-12-06T01:38:04+00:00","twitter_card":"summary_large_image","schema":{"@context":"https:\/\/schema.org","@graph":[{"@type":"WebPage","@id":"https:\/\/mcwpartnerships.com\/vi\/","url":"https:\/\/mcwpartnerships.com\/vi\/","name":"Casino MCW: Kh\u00e1m ph\u00e1 th\u1ebf gi\u1edbi c\u1ee7a tr\u00f2 ch\u01a1i gi\u1ea3i tr\u00ed \u0111\u1ec9nh cao","isPartOf":{"@id":"https:\/\/mcwpartnerships.com\/#website"},"datePublished":"2023-12-04T18:01:27+00:00","dateModified":"2023-12-06T01:38:04+00:00","description":"Casino MCW nh\u00e0 c\u00e1i v\u1edbi T\u1ef7 l\u1ec7 c\u01b0\u1ee3c s\u1ed1 m\u1ed9t Th\u1ec3 Thao, c\u00e1c tr\u00f2 ch\u01a1i Casino tr\u1ef1c tuy\u1ebfn th\u00fa v\u1ecb v\u00e0 h\u00e0ng ng\u00e0n tr\u00f2 ch\u01a1i slots tr\u1ea3 th\u01b0\u1edfng cao. \u0110\u0103ng k\u00fd \u0111\u1ec3 nh\u1eadn th\u01b0\u1edfng ch\u00e0o m\u1eebng ngay b\u00e2y gi\u1edd!","breadcrumb":{"@id":"https:\/\/mcwpartnerships.com\/vi\/#breadcrumb"},"inLanguage":"vi-VN","potentialAction":[{"@type":"ReadAction","target":["https:\/\/mcwpartnerships.com\/vi\/"]}]},{"@type":"BreadcrumbList","@id":"https:\/\/mcwpartnerships.com\/vi\/#breadcrumb","itemListElement":[{"@type":"ListItem","position":1,"name":"Home","item":"https:\/\/mcwpartnerships.com\/vi\/"},{"@type":"ListItem","position":2,"name":"Home Landing Page"}]},{"@type":"WebSite","@id":"https:\/\/mcwpartnerships.com\/#website","url":"https:\/\/mcwpartnerships.com\/","name":"MCW777","description":"","potentialAction":[{"@type":"SearchAction","target":{"@type":"EntryPoint","urlTemplate":"https:\/\/mcwpartnerships.com\/?s={search_term_string}"},"query-input":{"@type":"PropertyValueSpecification","valueRequired":true,"valueName":"search_term_string"}}],"inLanguage":"vi-VN"}]}},"_links":{"self":[{"href":"https:\/\/mcwpartnerships.com\/vi\/wp-json\/wp\/v2\/pages\/237664","targetHints":{"allow":["GET"]}}],"collection":[{"href":"https:\/\/mcwpartnerships.com\/vi\/wp-json\/wp\/v2\/pages"}],"about":[{"href":"https:\/\/mcwpartnerships.com\/vi\/wp-json\/wp\/v2\/types\/page"}],"author":[{"embeddable":true,"href":"https:\/\/mcwpartnerships.com\/vi\/wp-json\/wp\/v2\/users\/3"}],"replies":[{"embeddable":true,"href":"https:\/\/mcwpartnerships.com\/vi\/wp-json\/wp\/v2\/comments?post=237664"}],"version-history":[{"count":3,"href":"https:\/\/mcwpartnerships.com\/vi\/wp-json\/wp\/v2\/pages\/237664\/revisions"}],"predecessor-version":[{"id":240666,"href":"https:\/\/mcwpartnerships.com\/vi\/wp-json\/wp\/v2\/pages\/237664\/revisions\/240666"}],"wp:attachment":[{"href":"https:\/\/mcwpartnerships.com\/vi\/wp-json\/wp\/v2\/media?parent=237664"}],"curies":[{"name":"wp","href":"https:\/\/api.w.org\/{rel}","templated":true}]}}